{"id":703,"date":"2014-03-06T13:59:56","date_gmt":"2014-03-06T13:59:56","guid":{"rendered":"http:\/\/demo.deliciousthemes.com\/patti\/?page_id=82"},"modified":"2020-07-10T21:40:27","modified_gmt":"2020-07-10T21:40:27","slug":"homepage","status":"publish","type":"page","link":"https:\/\/mnbiz.com.mx\/","title":{"rendered":"Pagina principal"},"content":{"rendered":"<p>[vc_row dt_no_mb=&#8221;no-margin&#8221; bg_color=&#8221;#ffffff&#8221;][vc_column][rev_slider_vc alias=&#8221;baner1&#8243;][\/vc_column][\/vc_row][vc_row dt_no_mb=&#8221;no-margin&#8221; bg_type=&#8221;image&#8221; parallax_content=&#8221;parallax_content_value&#8221; bg_color=&#8221;#fafafa&#8221; dt_padding_top=&#8221;100&#8243; dt_padding_bottom=&#8221;100&#8243; dt_id=&#8221;nosotros&#8221;][vc_column][vc_row_inner][vc_column_inner]<div class=\"dt-title-wrapper\"><h1 class=\"section-title\">Quienes somos ?<\/h1><\/div><div style=\"clear:both; width:100%; height:60px\"><\/div>[vc_column_text]<\/p>\n<h3 style=\"text-align: justify;\"><strong><span style=\"color: #993300;\">MN BUSINESS SOLUTIONS (MN BIZ)<\/span> <\/strong>nace en 2013 como resultado de fusionar m\u00e1s de dos d\u00e9cadas de experiencia de negocio en los mercados de Autoservicio y Food Service a nivel nacional e internacional. Nos especializamos\u00a0 en la comercializaci\u00f3n y distribuci\u00f3n de una amplia gama de productos c\u00e1rnicos y papas congeladas.<\/h3>\n<h3 style=\"text-align: justify;\"><strong><span style=\"color: #993300;\">MN BIZ<\/span> <\/strong>representa una confiable opci\u00f3n de abasto y log\u00edstica al consolidarnos como socio de negocio para nuestros clientes. Tenemos como objetivo ofrecer los mejores productos a precios competitivos.<\/h3>\n<h3 style=\"text-align: justify;\">En <strong><span style=\"color: #993300;\">MN BUSINESS <\/span><u><span style=\"color: #993300;\">SOLUTIONS<\/span><\/u>,<\/strong> damos<strong> <span style=\"color: #993300;\"><u>SOLUCIONES <\/u><\/span><\/strong>a los requerimientos de abasto de nuestros clientes, facilitando al m\u00e1ximo su diaria operaci\u00f3n. Nuestro amplio conocimiento de negocio contribuye a que seamos parte integral de exitosas transacciones comerciales.<\/h3>\n<h3 style=\"text-align: justify;\"><strong><span style=\"color: #993300;\">MN BIZ<\/span> <\/strong>tiene el compromiso primordial de brindar un servicio de excelencia a nuestros clientes, lo cual conlleva desarrollar estrategias que construyan y mantengan s\u00f3lidas relaciones de negocio a largo plazo.<\/h3>\n<p>[\/vc_column_text]<div style=\"clear:both; width:100%; height:60px\"><\/div>[\/vc_column_inner][\/vc_row_inner][vc_row_inner][vc_column_inner width=&#8221;2\/3&#8243; css_animation=&#8221;bottom-to-top&#8221;][vc_column_text]<\/p>\n<h1><\/h1>\n<h1><strong><span style=\"color: #993300;\">NOS DISTINGUE<\/span><\/strong><\/h1>\n<p>&nbsp;<\/p>\n<div>\n<h3><strong><span style=\"color: #993300;\">Confianza<\/span><\/strong><\/h3>\n<h3><span style=\"color: #000000;\">\u00c9tica de negocio a toda prueba. En<\/span> <strong><span style=\"color: #993300;\">MN BIZ<\/span><\/strong>, <span style=\"color: #000000;\">desde la primera operaci\u00f3n nos sentimos parte del Equipo de nuestros clientes. Estamos listos para ser una pieza importante del engranaje y progreso de sus empresas.<\/span><\/h3>\n<h3><strong><span style=\"color: #993300;\">Calidad y Servicio<\/span><\/strong><\/h3>\n<h3><strong><span style=\"color: #993300;\">MN BIZ<\/span><\/strong>, <span style=\"color: #000000;\">solamente maneja los mejores productos. En<\/span> <strong><span style=\"color: #993300;\">MN BIZ <\/span><\/strong><span style=\"color: #000000;\">tenemos claro que la calidad debe siempre de ir acompa\u00f1ada de un gran servicio.<\/span><\/h3>\n<h3><strong><span style=\"color: #993300;\">Seguridad Alimentaria<\/span><\/strong><\/h3>\n<h3><span style=\"color: #000000;\">La totalidad de nuestros productos cuentan con alguna de las siguientes certificaciones HACCP, TIF, SQF<\/span><\/h3>\n<h3><strong><span style=\"color: #993300;\">Eficiencia<\/span><\/strong><\/h3>\n<h3><span style=\"color: #000000;\">Nos esforzamos siempre en cumplir compromisos a tiempo y en forma. En beneficio de nuestros clientes,<\/span> <strong><span style=\"color: #993300;\">MN BIZ<\/span><\/strong><span style=\"color: #000000;\"> busca siempre optimizar costos y hacer apropiado uso de recursos<\/span><\/h3>\n<h3><strong><span style=\"color: #993300;\">Conocimiento de Mercado<\/span><\/strong><\/h3>\n<h3><strong><span style=\"color: #993300;\">MN BIZ<\/span><\/strong> <span style=\"color: #000000;\">cuenta con m\u00e1s de dos d\u00e9cadas de experiencia en el negocio c\u00e1rnico y de papas congeladas tanto nacional como internacional. Los nichos de Autoservicio y Food Service son especialidad de empresa\u2026y vamos por m\u00e1s.<\/span><\/h3>\n<h3><strong><span style=\"color: #993300;\">Flexibilidad<\/span><\/strong><\/h3>\n<h3><span style=\"color: #000000;\">En<\/span> <strong><span style=\"color: #993300;\">MN BIZ<\/span><\/strong> <span style=\"color: #000000;\">entendemos la importancia de adaptarse a las necesidades de nuestros clientes; cada cliente es especial, \u00fanico y diferente<\/span><\/h3>\n<\/div>\n<p>[\/vc_column_text][\/vc_column_inner][vc_column_inner width=&#8221;1\/3&#8243;][vc_single_image image=&#8221;1015&#8243; img_size=&#8221;full&#8221; style=&#8221;vc_box_shadow_3d&#8221; css_animation=&#8221;fadeInLeft&#8221;][vc_single_image image=&#8221;1021&#8243; img_size=&#8221;full&#8221;][vc_gallery interval=&#8221;3&#8243; images=&#8221;885,883,881,1035&#8243; img_size=&#8221;medium&#8221;][\/vc_column_inner][\/vc_row_inner]<div class=\"dt-title-wrapper\"><h1 class=\"section-title\">SERVICIOS<\/h1><\/div>[vc_row_inner][vc_column_inner width=&#8221;1\/3&#8243; css_animation=&#8221;bottom-to-top&#8221;]<div style=\"clear:both; width:100%; height:60px\"><\/div>[vc_single_image image=&#8221;936&#8243; img_size=&#8221;400&#215;300&#8243; alignment=&#8221;center&#8221; onclick=&#8221;zoom&#8221; css_animation=&#8221;left-to-right&#8221;][vc_column_text]<\/p>\n<h2><strong><span style=\"color: #993300;\">VENTAS AL MAYOREO<\/span><\/strong><\/h2>\n<h3><span style=\"color: #000000;\">En <\/span><strong><span style=\"color: #993300;\">MN BIZ<\/span><\/strong><span style=\"color: #000000;\">, nuestra divisi\u00f3n de Ventas Mayoreo asegura a los clientes el obtener precios y condiciones competitivos en el Mercado \/ Industria.<\/span><\/h3>\n<h3><span style=\"color: #000000;\">Los altos vol\u00famenes de producto que manejamos, colocan a MN BIZ en posici\u00f3n de lograr mejores operaciones comerciales que colaboren al \u00e9xito y ganancias de sus clientes, ya sea que sus ventas las realicen a detalle, a granel o bien se dediquen a la elaboraci\u00f3n de alimentos.<\/span><\/h3>\n<p>[\/vc_column_text][\/vc_column_inner][vc_column_inner width=&#8221;1\/3&#8243; css_animation=&#8221;bottom-to-top&#8221;]<div style=\"clear:both; width:100%; height:60px\"><\/div>[vc_single_image image=&#8221;949&#8243; img_size=&#8221;400&#215;300&#8243; onclick=&#8221;zoom&#8221;][vc_column_text]<\/p>\n<h2><strong><span style=\"color: #993300;\">DISTRIBUCI\u00d3N &#8211; LOG\u00cdSTICA<\/span><\/strong><\/h2>\n<h3 style=\"text-align: justify;\"><strong><span style=\"color: #993300;\">MN BIZ<\/span><\/strong> <span style=\"color: #000000;\">ofrece tambi\u00e9n el manejo de los embarques de sus clientes eficientemente, procurando asegurar entregas a tiempo y as\u00ed contribuir a operaciones exitosas.<\/span><\/h3>\n<h3 style=\"text-align: justify;\"><span style=\"color: #000000;\">Mantenemos un detallado seguimiento de las mercanc\u00edas, la gran mayor\u00eda de las veces desde la producci\u00f3n misma de los productos, hasta la entrega final a nuestros clientes. Para el caso de productos c\u00e1rnicos, toda operaci\u00f3n es manejada a trav\u00e9s del Sistema TIF. Para los productos que no son c\u00e1rnicos, el proceso siempre cuenta con aprobaci\u00f3n HACCP.<\/span><\/h3>\n<p>[\/vc_column_text][\/vc_column_inner][vc_column_inner width=&#8221;1\/3&#8243; css_animation=&#8221;bottom-to-top&#8221;]<div style=\"clear:both; width:100%; height:60px\"><\/div>[vc_single_image image=&#8221;1095&#8243; img_size=&#8221;400&#215;300&#8243; alignment=&#8221;center&#8221; onclick=&#8221;zoom&#8221;][vc_column_text]<\/p>\n<h2><strong><span style=\"color: #993300;\">CONSULTOR\u00cdA<\/span><\/strong><\/h2>\n<h3 style=\"text-align: justify;\"><strong><span style=\"color: #993300;\">MN BIZ<\/span><\/strong> <span style=\"color: #000000;\">ofrece tambi\u00e9n servicios de Consultor\u00eda <\/span><span style=\"color: #000000;\">orientados a la generaci\u00f3n de exitosos esquemas de <\/span><span style=\"color: #000000;\">Mercadeo y Exhibici\u00f3n de productos c\u00e1rnicos en el a<\/span><span style=\"color: #000000;\">utoservicio, adem\u00e1s de diversos seminarios de <\/span><span style=\"color: #000000;\">capacitaci\u00f3n sobre m\u00faltiples prote\u00ednas c\u00e1rnicas <\/span><span style=\"color: #000000;\">aplicables a cualquier nicho de negocio.<\/span><\/h3>\n<p>[\/vc_column_text][\/vc_column_inner][\/vc_row_inner][vc_row_inner][vc_column_inner][vc_separator][\/vc_column_inner][\/vc_row_inner][\/vc_column][\/vc_row][vc_row dt_no_mb=&#8221;no-margin&#8221; bg_type=&#8221;image&#8221; parallax_style=&#8221;vcpb-vz-jquery&#8221; bg_image_new=&#8221;id^881|url^https:\/\/mnbiz.com.mx\/wp-content\/uploads\/2020\/06\/5ee15a5ae9488.jpg|caption^Close up of calves on animal farm eating food. Meat industry concept.|alt^null|title^Close up of calves on animal farm eating food. Meat industry concept.|description^null&#8221; bg_override=&#8221;ex-full&#8221; parallax_content=&#8221;parallax_content_value&#8221; bg_color=&#8221;#000000&#8243; dt_padding_top=&#8221;100&#8243; dt_padding_bottom=&#8221;100&#8243; bg_image=&#8221;740&#8243; dt_color_opacity=&#8221;80&#8243; dt_id=&#8221;servicios&#8221;][vc_column][vc_row_inner][vc_column_inner][vc_column_text css_animation=&#8221;bounceInLeft&#8221;]<\/p>\n<h1 style=\"text-align: center;\"><span style=\"color: #ffe600;\">PRODUCTOS Y SERVICIOS\u00a0<\/span><\/h1>\n<p>[\/vc_column_text][\/vc_column_inner][\/vc_row_inner]<div style=\"clear:both; width:100%; height:60px\"><\/div>[vc_row_inner][vc_column_inner width=&#8221;1\/3&#8243; css_animation=&#8221;bottom-to-top&#8221;][vc_single_image image=&#8221;1042&#8243; img_size=&#8221;400&#215;300&#8243; css_animation=&#8221;fadeInLeftBig&#8221;][vc_column_text css_animation=&#8221;bounceInRight&#8221;]<\/p>\n<h1><span style=\"color: #ffff00;\"><u><b>Pato<\/b><\/u> <u><b>Canadiense<\/b><\/u><\/span><\/h1>\n<h3><strong><span style=\"color: #ffffff;\">Tradici\u00f3n Gourmet<\/span><\/strong><\/h3>\n<p><strong><span style=\"color: #ffffff;\">Portafolio disponible:<\/span><\/strong><\/p>\n<ul>\n<li><strong><span style=\"color: #ffffff;\"><i>Pato<\/i> <i>Entero<\/i><\/span><\/strong><\/li>\n<li><strong><span style=\"color: #ffffff;\"><i>Piezas<\/i><i>: <\/i><i>Pechuga<\/i><i>, <\/i><i>Pierna-Muslo<\/i><\/span><\/strong><\/li>\n<li><strong><span style=\"color: #ffffff;\"><i> Linea Delicatessen (Foie Gras)<\/i><\/span><\/strong><\/li>\n<\/ul>\n<p>[\/vc_column_text][\/vc_column_inner][vc_column_inner width=&#8221;1\/3&#8243; css_animation=&#8221;bottom-to-top&#8221;][vc_single_image image=&#8221;1044&#8243; img_size=&#8221;400&#215;300&#8243; css_animation=&#8221;fadeInLeftBig&#8221;][vc_column_text css_animation=&#8221;bounceInRight&#8221;]<\/p>\n<h1><span style=\"color: #ffff00;\"><u><b><i>Carne de Res<\/i><\/b><\/u><\/span><\/h1>\n<h3><strong><span style=\"color: #ffffff;\">Sabor y Calidad Superior<\/span><\/strong><\/h3>\n<p><strong><span style=\"color: #ffffff;\">Portafolio disponible:<\/span><\/strong><\/p>\n<p><strong><span style=\"color: #ffffff;\"> Cortes primarios<\/span><\/strong><\/p>\n<ul>\n<li><strong><span style=\"color: #ffffff;\">Medios<\/span><\/strong><\/li>\n<li><strong><span style=\"color: #ffffff;\">Pulpas<\/span><\/strong><\/li>\n<li><strong><span style=\"color: #ffffff;\"> Chuck<\/span><\/strong><\/li>\n<li><strong><span style=\"color: #ffffff;\"> Entre otros cortes<\/span><\/strong><\/li>\n<\/ul>\n<p><strong><span style=\"color: #ffffff;\">V\u00edsceras:<\/span><\/strong><\/p>\n<ul>\n<li><strong><span style=\"color: #ffffff;\"> Menudo<\/span><\/strong><\/li>\n<li><strong><span style=\"color: #ffffff;\">Pata<\/span><\/strong><\/li>\n<li><strong><span style=\"color: #ffffff;\">H\u00edgado<\/span><\/strong><\/li>\n<li><strong><span style=\"color: #ffffff;\">Otros<\/span><\/strong><\/li>\n<\/ul>\n<p>[\/vc_column_text]<div style=\"clear:both; width:100%; height:60px\"><\/div>[\/vc_column_inner][vc_column_inner width=&#8221;1\/3&#8243;][vc_single_image image=&#8221;1046&#8243; img_size=&#8221;400X300&#8243; css_animation=&#8221;fadeInLeftBig&#8221;][vc_column_text css_animation=&#8221;bounceInRight&#8221;]<\/p>\n<h1><span style=\"color: #ffff00;\"><u><b>Ternera<\/b><\/u><\/span><\/h1>\n<h3><strong><span style=\"color: #ffffff;\">Exquisito Sabor y Suavidad<\/span><\/strong><\/h3>\n<p><strong><span style=\"color: #ffffff;\"><u><i>Portafolio<\/i><\/u> <u><i>disponible<\/i><\/u><i>:<\/i><\/span><\/strong><\/p>\n<ul>\n<li><strong><span style=\"color: #ffffff;\"><i>Osso<\/i> <i>Buco<\/i><\/span><\/strong><\/li>\n<li><strong><span style=\"color: #ffffff;\"><i> Rack<\/i><\/span><\/strong><\/li>\n<li><strong><span style=\"color: #ffffff;\"><i>Chuletas<\/i><\/span><\/strong><\/li>\n<li><strong><span style=\"color: #ffffff;\"><i> Entre <\/i><i>otros<\/i> <i>cortes<\/i><\/span><\/strong><\/li>\n<\/ul>\n<p>[\/vc_column_text][\/vc_column_inner][\/vc_row_inner][vc_row_inner][vc_column_inner width=&#8221;1\/3&#8243; css_animation=&#8221;bottom-to-top&#8221;][vc_single_image image=&#8221;1048&#8243; img_size=&#8221;400&#215;300&#8243; css_animation=&#8221;fadeInLeftBig&#8221;][vc_column_text css_animation=&#8221;bounceInRight&#8221;]<\/p>\n<h1><span style=\"color: #ffff00;\"><u>Especialidades<\/u><\/span><\/h1>\n<h3><strong><span style=\"color: #ffffff;\"><i>Sabor<\/i> <i>Distintivo<\/i><i> y <\/i><i>Refinado<\/i><\/span><\/strong><\/h3>\n<p><strong><span style=\"color: #ffffff;\"><u><i>Portafolio<\/i><\/u> <u><i>disponible<\/i><\/u><i>:<\/i><\/span><\/strong><\/p>\n<p>&nbsp;<\/p>\n<ul>\n<li><strong><span style=\"color: #ffffff;\"><i>RES WAGYU<\/i><\/span><\/strong><\/li>\n<li><strong><span style=\"color: #ffffff;\"><i>B\u00daFALO<\/i><\/span><\/strong><\/li>\n<li><strong><span style=\"color: #ffffff;\"><i>(BISONTE)<\/i><\/span><\/strong><\/li>\n<li><strong><span style=\"color: #ffffff;\"><i>VENADO<\/i><\/span><\/strong><\/li>\n<li><strong><span style=\"color: #ffffff;\"><i>JABAL\u00cd<\/i><\/span><\/strong><\/li>\n<\/ul>\n<p><strong><i style=\"color: #ffffff;\">**Diversidad de<\/i><\/strong><\/p>\n<p><strong><span style=\"color: #ffffff;\"><i>cortes disponibles<\/i><\/span><\/strong>[\/vc_column_text][\/vc_column_inner][vc_column_inner width=&#8221;1\/3&#8243; css_animation=&#8221;bottom-to-top&#8221;][vc_single_image image=&#8221;1050&#8243; img_size=&#8221;400&#215;300&#8243; css_animation=&#8221;fadeInLeftBig&#8221;][vc_column_text css_animation=&#8221;bounceInRight&#8221;]<\/p>\n<h1><span style=\"color: #ffff00;\"><u>Cordero<\/u><\/span><\/h1>\n<h3><strong><span style=\"color: #ffffff;\"><i>Cortes a la <\/i><i>Perfecci\u00f3n<\/i><i>, <\/i><i>Sabor<\/i><i> y <\/i><i>Suavidad<\/i> <i>Inigualables<\/i><\/span><\/strong><\/h3>\n<p><strong><span style=\"color: #ffffff;\"><u><i>Portafolio<\/i><\/u> <u><i>disponible<\/i><\/u><i>:<\/i><\/span><\/strong><\/p>\n<ul>\n<li><strong><span style=\"color: #ffffff;\"><i> Racks<\/i><\/span><\/strong><\/li>\n<li><strong><span style=\"color: #ffffff;\"><i> T-Bones<\/i><\/span><\/strong><\/li>\n<li><strong><span style=\"color: #ffffff;\"><i> Sirloins<\/i><\/span><\/strong><\/li>\n<li><strong><span style=\"color: #ffffff;\"><i>Piernas<\/i><\/span><\/strong><\/li>\n<li><strong><span style=\"color: #ffffff;\"><i>Diversidad<\/i><i> de <\/i><i>cortes<\/i><\/span><\/strong><\/li>\n<\/ul>\n<p>[\/vc_column_text][vc_btn title=&#8221;DESCARGAR CATALOGO&#8221; style=&#8221;3d&#8221; color=&#8221;warning&#8221; size=&#8221;sm&#8221; css_animation=&#8221;zoomIn&#8221; add_icon=&#8221;true&#8221; link=&#8221;url:https%3A%2F%2Fmnbiz.com.mx%2Fwp-content%2Fuploads%2F2020%2F07%2FCATALOGO-SIMPLE-DE-PRODUCTOS-MN-BIZ.pdf|title:DESCARGAR%20CATALOGO|target:%20_blank|&#8221;][\/vc_column_inner][vc_column_inner width=&#8221;1\/3&#8243;][vc_gallery interval=&#8221;3&#8243; images=&#8221;1053,999&#8243; img_size=&#8221;400X300&#8243;][vc_column_text css_animation=&#8221;bounceInRight&#8221;]<\/p>\n<h1><span style=\"color: #ffff00;\"><u><b>Otros productos<\/b><\/u><\/span><\/h1>\n<h3><strong><span style=\"color: #ffffff;\"><i>Complementa<\/i> <i>tus<\/i> <i>Opciones<\/i><\/span><\/strong><\/h3>\n<p><strong><span style=\"color: #ffffff;\"><u><i>Portafolio<\/i><\/u><u><i> disponible<\/i><\/u><i>:<\/i><\/span><\/strong><\/p>\n<ul>\n<li><strong><span style=\"color: #ffffff;\"><i> Papa Hashbrown (<\/i><i>Tortita<\/i><i>)<\/i><\/span><\/strong><\/li>\n<li><strong><span style=\"color: #ffffff;\"><i> Papa Shoestring<\/i><\/span><\/strong><\/li>\n<li><strong><span style=\"color: #ffffff;\"><i>Tocino<\/i> <i>Ahumado<\/i> <i>Rebanado<\/i><\/span><\/strong><\/li>\n<\/ul>\n<p>[\/vc_column_text][\/vc_column_inner][\/vc_row_inner][\/vc_column][\/vc_row][vc_row dt_text_scheme=&#8221;darker-overlay&#8221; bg_type=&#8221;image&#8221; parallax_style=&#8221;vcpb-vz-jquery&#8221; bg_image_new=&#8221;id^856|url^https:\/\/mnbiz.com.mx\/wp-content\/uploads\/2020\/04\/logisitc3.png|caption^null|alt^null|title^logisitc3|description^null&#8221; dt_id=&#8221;puntos&#8221; bg_color=&#8221;#000000&#8243; dt_color_opacity=&#8221;80&#8243; bg_image=&#8221;856&#8243;][vc_column]<div style=\"clear:both; width:100%; height:60px\"><\/div><div class=\"dt-title-wrapper\"><h1 class=\"section-title\">COBERTURA<\/h1><\/div>[vc_column_text css_animation=&#8221;bounceInUp&#8221; css=&#8221;.vc_custom_1593643655383{padding-right: 50px !important;padding-left: 50px !important;}&#8221;]<\/p>\n<h1 style=\"text-align: center;\"><span style=\"color: #ffffff;\">ACTUALMENTE, GRACIAS A LA SINERGIA DE NEGOCIO QUE EN MN BIZ MANTENEMOS CON CLIENTES<\/span><br \/>\n<span style=\"color: #ffffff;\">DEL AUTOSERVICIO Y FOOD SERVICE, NUESTROS PRODUCTOS CUENTAN CON DISTRIBUCI\u00d3N A NIVEL<\/span><br \/>\n<span style=\"color: #ffffff;\">NACIONAL<\/span><\/h1>\n<h2 style=\"text-align: center;\"><\/h2>\n<p>[\/vc_column_text]<div class=\"dt-title-wrapper\"><h1 class=\"section-title\"><\/h1><\/div>[\/vc_column][\/vc_row][vc_row dt_text_scheme=&#8221;darker-overlay&#8221; bg_type=&#8221;bg_color&#8221; bg_override=&#8221;ex-full&#8221; bg_color=&#8221;#000000&#8243; bg_color_value=&#8221;#000000&#8243; dt_id=&#8221;certificaciones&#8221;][vc_column]<div style=\"clear:both; width:100%; height:60px\"><\/div>[vc_column_text]<\/p>\n<h2 style=\"text-align: center;\"><span style=\"color: #ff9900;\">CERTIFICACIONES DE CALIDAD:<\/span><\/h2>\n<p>[\/vc_column_text][vc_row_inner][vc_column_inner width=&#8221;1\/3&#8243;][vc_single_image image=&#8221;1005&#8243; img_size=&#8221;222&#215;222&#8243; alignment=&#8221;center&#8221;][\/vc_column_inner][vc_column_inner width=&#8221;1\/3&#8243;][vc_single_image image=&#8221;1007&#8243; img_size=&#8221;300&#215;222&#8243; alignment=&#8221;center&#8221;][\/vc_column_inner][vc_column_inner width=&#8221;1\/3&#8243;][vc_single_image image=&#8221;1006&#8243; img_size=&#8221;222&#215;222&#8243; alignment=&#8221;center&#8221;][\/vc_column_inner][\/vc_row_inner][\/vc_column][\/vc_row][vc_row dt_no_mb=&#8221;no-margin&#8221; bg_type=&#8221;bg_color&#8221; bg_color=&#8221;#e8e8e8&#8243; dt_color_opacity=&#8221;100&#8243; dt_padding_top=&#8221;100&#8243; dt_padding_bottom=&#8221;100&#8243; dt_id=&#8221;propuesta&#8221;][vc_column]<div class=\"dt-title-wrapper\"><h1 class=\"section-title\">SERVICIOS DE ACUERDO A LAS NECESIDADES DE CADA UNO DE NUESTROS CLIENTES<\/h1><\/div>[vc_row_inner][vc_column_inner width=&#8221;1\/3&#8243;][\/vc_column_inner][vc_column_inner width=&#8221;1\/3&#8243;][\/vc_column_inner][vc_column_inner width=&#8221;1\/3&#8243;][\/vc_column_inner][\/vc_row_inner][vc_row_inner][vc_column_inner width=&#8221;1\/2&#8243;][\/vc_column_inner][vc_column_inner width=&#8221;1\/2&#8243;][\/vc_column_inner][\/vc_row_inner][\/vc_column][\/vc_row][vc_row dt_text_scheme=&#8221;darker-overlay&#8221; dt_no_mb=&#8221;no-margin&#8221; bg_image=&#8221;113&#8243; bg_color=&#8221;#000000&#8243; dt_color_opacity=&#8221;70&#8243; dt_padding_top=&#8221;100&#8243; dt_padding_bottom=&#8221;100&#8243; dt_id=&#8221;contacto&#8221;][vc_column][vc_row_inner][vc_column_inner]<div class=\"dt-title-wrapper\"><h1 class=\"section-title\">CONT\u00c1CTENOS<\/h1><\/div><div style=\"clear:both; width:100%; height:60px\"><\/div>[\/vc_column_inner][\/vc_row_inner][vc_row_inner][vc_column_inner width=&#8221;1\/2&#8243;][vc_column_text css_animation=&#8221;bounceInLeft&#8221;]<\/p>\n<h3>Oficina Comercial: Monterrey, N.L.<\/h3>\n<ul>\n<li>Carretera Nacional KM 267, No. 1100 \u2013 Suite 8,\u00a0Col. La Estanzuela, C.P. 64988<\/li>\n<li>E-mail: <a href=\"mailto:&#x6d;&#x72;&#x75;&#x69;&#x7a;&#x40;&#x6d;&#x6e;&#x62;&#x69;&#x7a;&#x2e;&#x63;&#x6f;&#x6d;&#x2e;&#x6d;&#x78;\"><span class=\"oe_textdirection\">&#x78;&#x6d;&#x2e;&#x6d;&#x6f;&#x63;&#x2e;&#x7a;&#x69;&#x62;&#x6e;&#x6d;<span class=\"oe_displaynone\">null<\/span>&#x40;&#x7a;&#x69;&#x75;&#x72;&#x6d;<\/span><\/a><\/li>\n<li>Website: <a href=\"http:\/\/www.mn-biz.com.mx\">www.mnbiz.com.mx<\/a><\/li>\n<li>Conmutador: (81) 9688 4696<\/li>\n<li>Cel: 81 1480 9731<\/li>\n<\/ul>\n<p>[\/vc_column_text][\/vc_column_inner][vc_column_inner width=&#8221;1\/2&#8243;][vc_column_text]<strong><u>INFORMACI\u00d3N<\/u><\/strong><\/p>\n<p>Por cualquier pregunta, favor de llenar el siguiente formato, le contactaremos a la brevedad. Gracias.[\/vc_column_text]\n<div class=\"wpcf7 no-js\" id=\"wpcf7-f726-o1\" lang=\"en-US\" dir=\"ltr\" data-wpcf7-id=\"726\">\n<div class=\"screen-reader-response\"><p role=\"status\" aria-live=\"polite\" aria-atomic=\"true\"><\/p> <ul><\/ul><\/div>\n<form action=\"\/index.php?rest_route=%2Fwp%2Fv2%2Fpages%2F703#wpcf7-f726-o1\" method=\"post\" class=\"wpcf7-form init\" aria-label=\"Contact form\" novalidate=\"novalidate\" data-status=\"init\">\n<fieldset class=\"hidden-fields-container\"><input type=\"hidden\" name=\"_wpcf7\" value=\"726\" \/><input type=\"hidden\" name=\"_wpcf7_version\" value=\"6.1.5\" \/><input type=\"hidden\" name=\"_wpcf7_locale\" value=\"en_US\" \/><input type=\"hidden\" name=\"_wpcf7_unit_tag\" value=\"wpcf7-f726-o1\" \/><input type=\"hidden\" name=\"_wpcf7_container_post\" value=\"0\" \/><input type=\"hidden\" name=\"_wpcf7_posted_data_hash\" value=\"\" \/>\n<\/fieldset>\n<div class=\"percent-one-half\"> <br \/>\n<span class=\"wpcf7-form-control-wrap\" data-name=\"your-name\"><input size=\"40\" maxlength=\"400\" class=\"wpcf7-form-control wpcf7-text wpcf7-validates-as-required\" aria-required=\"true\" aria-invalid=\"false\" placeholder=\"Name\" value=\"\" type=\"text\" name=\"your-name\" \/><\/span><br \/>\n<\/div><br \/>\n<div class=\"percent-one-half column-last\"> <br \/>\n<span class=\"wpcf7-form-control-wrap\" data-name=\"your-email\"><input size=\"40\" maxlength=\"400\" class=\"wpcf7-form-control wpcf7-email wpcf7-validates-as-required wpcf7-text wpcf7-validates-as-email\" aria-required=\"true\" aria-invalid=\"false\" placeholder=\"Email\" value=\"\" type=\"email\" name=\"your-email\" \/><\/span><br \/>\n<\/div><br \/>\n<span class=\"wpcf7-form-control-wrap\" data-name=\"your-message\"><textarea cols=\"40\" rows=\"10\" maxlength=\"2000\" class=\"wpcf7-form-control wpcf7-textarea wpcf7-validates-as-required\" aria-required=\"true\" aria-invalid=\"false\" placeholder=\"Message\" name=\"your-message\"><\/textarea><\/span>\n<\/p>\n<p>[anr-captcha]<br \/>\n<input class=\"wpcf7-form-control wpcf7-submit has-spinner button black\" type=\"submit\" value=\"Send\" \/>\n<\/p><div class=\"wpcf7-response-output\" aria-hidden=\"true\"><\/div>\n<\/form>\n<\/div>\n[\/vc_column_inner][\/vc_row_inner][\/vc_column][\/vc_row][vc_row][vc_column][vc_column_text]<iframe loading=\"lazy\" style=\"border: 0;\" tabindex=\"0\" src=\"https:\/\/www.google.com\/maps\/embed?pb=!1m18!1m12!1m3!1d7198.358361512817!2d-100.24500595347598!3d25.565704840416437!2m3!1f0!2f0!3f0!3m2!1i1024!2i768!4f13.1!3m3!1m2!1s0x8662c74102e598e1%3A0x34db955b8b8030fa!2sMN%20BUSINESS%20SOLUTIONS%20SA%20DE%20CV!5e0!3m2!1ses!2smx!4v1592312633513!5m2!1ses!2smx\" width=\"1800\" height=\"600\" frameborder=\"0\" allowfullscreen=\"allowfullscreen\" aria-hidden=\"false\"><\/iframe>[\/vc_column_text][\/vc_column][\/vc_row]<\/p>","protected":false},"excerpt":{"rendered":"<p>[vc_row dt_no_mb=&#8221;no-margin&#8221; bg_color=&#8221;#ffffff&#8221;][vc_column][rev_slider_vc alias=&#8221;baner1&#8243;][\/vc_column][\/vc_row][vc_row dt_no_mb=&#8221;no-margin&#8221; bg_type=&#8221;image&#8221; parallax_content=&#8221;parallax_content_value&#8221; bg_color=&#8221;#fafafa&#8221; dt_padding_top=&#8221;100&#8243; dt_padding_bottom=&#8221;100&#8243; dt_id=&#8221;nosotros&#8221;][vc_column][vc_row_inner][vc_column_inner][vc_column_text] MN BUSINESS SOLUTIONS (MN BIZ) nace en 2013 como resultado de fusionar m\u00e1s de&#8230;<\/p>\n<p class=\"readmore\"><a class=\"more-btn\" href=\"https:\/\/mnbiz.com.mx\/\">Read More<\/a><\/p>\n","protected":false},"author":1,"featured_media":0,"parent":0,"menu_order":0,"comment_status":"open","ping_status":"open","template":"template-homepage.php","meta":{"_joinchat":{"telephone":"+528114809731","message_text":"A sus ordenes \u00bfen que puedo ayudarte?","message_send":"Hola me gustaria recibir m\u00e1s informaci\u00f3n"},"footnotes":""},"class_list":["post-703","page","type-page","status-publish","hentry"],"_links":{"self":[{"href":"https:\/\/mnbiz.com.mx\/index.php?rest_route=\/wp\/v2\/pages\/703","targetHints":{"allow":["GET"]}}],"collection":[{"href":"https:\/\/mnbiz.com.mx\/index.php?rest_route=\/wp\/v2\/pages"}],"about":[{"href":"https:\/\/mnbiz.com.mx\/index.php?rest_route=\/wp\/v2\/types\/page"}],"author":[{"embeddable":true,"href":"https:\/\/mnbiz.com.mx\/index.php?rest_route=\/wp\/v2\/users\/1"}],"replies":[{"embeddable":true,"href":"https:\/\/mnbiz.com.mx\/index.php?rest_route=%2Fwp%2Fv2%2Fcomments&post=703"}],"version-history":[{"count":208,"href":"https:\/\/mnbiz.com.mx\/index.php?rest_route=\/wp\/v2\/pages\/703\/revisions"}],"predecessor-version":[{"id":1127,"href":"https:\/\/mnbiz.com.mx\/index.php?rest_route=\/wp\/v2\/pages\/703\/revisions\/1127"}],"wp:attachment":[{"href":"https:\/\/mnbiz.com.mx\/index.php?rest_route=%2Fwp%2Fv2%2Fmedia&parent=703"}],"curies":[{"name":"wp","href":"https:\/\/api.w.org\/{rel}","templated":true}]}}